{"id":12,"date":"2021-12-06T11:44:35","date_gmt":"2021-12-06T16:44:35","guid":{"rendered":"https:\/\/cincoyquince.wordpress.precompro.com\/?page_id=12"},"modified":"2025-12-03T17:37:48","modified_gmt":"2025-12-03T22:37:48","slug":"home","status":"publish","type":"page","link":"https:\/\/restaurantecincoyquince.com\/","title":{"rendered":"Home"},"content":{"rendered":"<p>[vc_row css=&#8221;.vc_custom_1649783168340{margin-top: 20px !important;margin-bottom: 20px !important;}&#8221;][vc_column width=&#8221;1\/6&#8243;][\/vc_column][vc_column width=&#8221;2\/3&#8243;][vc_column_text]<\/p>\n<h1 style=\"text-align: center; color: #ffffff; font-weight: 900;\">NUESTRA HISTORIA<\/h1>\n<p>[\/vc_column_text][vc_column_text]<\/p>\n<p style=\"text-align: center;\">Hola, Bogot\u00e1 \u2013 esta es nuestra carta de amor a Espa\u00f1a<\/p>\n<p style=\"text-align: center;\">5&amp;quince es la realizaci\u00f3n de muchas vidas de pasi\u00f3n culinaria y experiencia en la cocina espa\u00f1ola. Nuestro equipo te contara sobre esta carta de amor a la tradici\u00f3n espa\u00f1ola. Un espacio desde el coraz\u00f3n de nuestra ciudad con los diferentes matices y sabores de Andaluc\u00eda hasta las sierras de Cantabria.<\/p>\n<p style=\"text-align: center;\">Este equipo ha ambicionado crear un espacio obsesionado por los peque\u00f1os detalles, sin precedentes. Que busca un espacio perfecto para no solo disfrutar con amigos, sino dar un descanso a esos arduos d\u00edas de trabajo. Por esa raz\u00f3n 5&amp;quince es la hora y el espacio para salir con amigos a deleitarse con los mejores sabores ib\u00e9ricos acompa\u00f1ados de unos buenos vinos y ca\u00f1as.<\/p>\n<p>&nbsp;<\/p>\n<p style=\"text-align: center;\">Para este proyecto nuestro fundador reuni\u00f3 amigos y otros aficionados de la cocina espa\u00f1ola como colaboradores creativos, para as\u00ed dise\u00f1ar un men\u00fa que no solamente tenga los mejores productos espa\u00f1oles sino todo el frescor del mediterr\u00e1neo.<\/p>\n<p>[\/vc_column_text][\/vc_column][vc_column width=&#8221;1\/6&#8243;][\/vc_column][\/vc_row][vc_row css=&#8221;.vc_custom_1679603901759{margin-bottom: 0px !important;padding-bottom: 0px !important;}&#8221;][vc_column width=&#8221;1\/2&#8243; css=&#8221;.vc_custom_1679603847744{margin-top: 0px !important;margin-bottom: 0px !important;padding-top: 0px !important;padding-bottom: 0px !important;}&#8221;][vc_single_image image=&#8221;267&#8243; img_size=&#8221;large&#8221; css=&#8221;.vc_custom_1679604342340{margin-top: 0px !important;margin-bottom: 0px !important;padding-top: 0px !important;padding-bottom: 0px !important;}&#8221;][\/vc_column][vc_column width=&#8221;1\/2&#8243;][vc_empty_space height=&#8221;132px&#8221; el_class=&#8221;espacios&#8221;][vc_custom_heading text=&#8221;La Carta&#8221; font_container=&#8221;tag:h2|text_align:center|color:%23ffffff&#8221; google_fonts=&#8221;font_family:Lato%3A100%2C100italic%2C300%2C300italic%2Cregular%2Citalic%2C700%2C700italic%2C900%2C900italic|font_style:900%20bold%20regular%3A900%3Anormal&#8221;][vc_column_text]<span style=\"font-family: open sans;\">Mientras traz\u00e1bamos esta carta nos enfocamos en encontrar un balance entre la tradicional cocina espa\u00f1ola y el mejor producto a nuestra disposici\u00f3n. Y por esa raz\u00f3n nuestra carta se modifica y cambia constantemente con los productos m\u00e1s frescos que podemos ofrecer a diario. Nuestro fundador, como nuestro chef, visualizaron una carta la cual todos pudi\u00e9ramos disfrutar.<\/span><\/p>\n<p>&nbsp;<\/p>\n<p><span style=\"font-family: open sans;\">Desde el fiel amante de las carnes y el producto animal, hasta los que buscamos los vegetales mas frescos y de mejor sabor.<\/span>[\/vc_column_text][vc_empty_space height=&#8221;52px&#8221;][\/vc_column][\/vc_row][vc_row rtl_reverse=&#8221;yes&#8221; el_class=&#8221;reversa&#8221; css=&#8221;.vc_custom_1679603932396{margin-bottom: 0px !important;padding-bottom: 0px !important;}&#8221;][vc_column width=&#8221;1\/2&#8243;][vc_empty_space height=&#8221;132px&#8221; el_class=&#8221;espacios&#8221;][vc_custom_heading text=&#8221;Nuestra Bodega&#8221; font_container=&#8221;tag:h2|text_align:center|color:%23ffffff&#8221; google_fonts=&#8221;font_family:Lato%3A100%2C100italic%2C300%2C300italic%2Cregular%2Citalic%2C700%2C700italic%2C900%2C900italic|font_style:900%20bold%20regular%3A900%3Anormal&#8221;][vc_column_text]En 5&amp;Quince sabemos que el vino es tan importante para ti como para nosotros y queremos que tengas la oportunidad de probar los mejores vinos de todas las regiones de Espa\u00f1a. No solo aspiramos que conozcas lo mejor de la Rioja Alta y la Ribera del Duero. Sino que te mostraremos lo mejor de zonas como Galicia protectora de la uva Menc\u00eda, la preferida de la casa. Por esa raz\u00f3n nos esforzamos por construir una bodega amplia con una extensa cantidad de a\u00f1adas y denominaciones de origen.[\/vc_column_text][vc_empty_space][\/vc_column][vc_column width=&#8221;1\/2&#8243; css=&#8221;.vc_custom_1679604014959{margin-top: 0px !important;margin-bottom: 0px !important;padding-top: 0px !important;padding-bottom: 0px !important;}&#8221;][vc_single_image image=&#8221;241&#8243; img_size=&#8221;large&#8221; css=&#8221;.vc_custom_1679604021561{margin-top: 0px !important;margin-bottom: 0px !important;padding-top: 0px !important;padding-bottom: 0px !important;}&#8221;][\/vc_column][\/vc_row][vc_row full_width=&#8221;stretch_row&#8221; full_height=&#8221;yes&#8221; equal_height=&#8221;yes&#8221; css=&#8221;.vc_custom_1764783244309{margin-top: 40px !important;margin-bottom: 0px !important;padding-bottom: 0px !important;}&#8221;][vc_column width=&#8221;1\/2&#8243; css=&#8221;.vc_custom_1679604029628{margin-top: 0px !important;margin-bottom: 0px !important;padding-top: 0px !important;padding-bottom: 0px !important;}&#8221;][vc_single_image image=&#8221;243&#8243; img_size=&#8221;large&#8221; css=&#8221;.vc_custom_1679604036159{margin-top: 0px !important;margin-bottom: 0px !important;padding-top: 0px !important;padding-bottom: 0px !important;}&#8221;][\/vc_column][vc_column width=&#8221;1\/2&#8243;][vc_empty_space height=&#8221;132px&#8221; el_class=&#8221;espacios&#8221;][vc_custom_heading text=&#8221;Nuestros Ingredientes&#8221; font_container=&#8221;tag:h2|text_align:center|color:%23ffffff&#8221; google_fonts=&#8221;font_family:Lato%3A100%2C100italic%2C300%2C300italic%2Cregular%2Citalic%2C700%2C700italic%2C900%2C900italic|font_style:900%20bold%20regular%3A900%3Anormal&#8221;][vc_column_text]Nuestra cocina esta guiada por los productos m\u00e1s frescos de cada temporada, lo cual hace nuestra carta cambiar para acomodarse a lo mejor y m\u00e1s frescos que tengamos a nuestra disposici\u00f3n. En 5&amp;quince entendemos la importancia de servir lo mejor y por esa raz\u00f3n importamos los sabores tradicionales de la pen\u00ednsula ib\u00e9rica y los combinamos con lo mejor de nuestro pa\u00eds.[\/vc_column_text][vc_empty_space][\/vc_column][vc_column el_id=&#8221;reserva&#8221;][vc_column_text]<\/p>\n<h1 style=\"text-align: center;\"><span style=\"color: #ffffff;\"><strong>Realiza tu reserva<\/strong><\/span><\/h1>\n<p>[\/vc_column_text][vc_raw_html]JTNDaWZyYW1lJTIwc3JjJTNEJTIyaHR0cHMlM0ElMkYlMkZjaW5jb3lxdWluY2UucHJlY29tcHJvLmNvbSUyRiUzRmVtYmVkJTNEMSUyMiUyMGZyYW1lYm9yZGVyJTNEJTIyMCUyMiUyMHN0eWxlJTNEJTIyd2lkdGglM0ElMjAxNTAlMjUlM0IlMjBoZWlnaHQlM0ElMjA1NTBweCUzQiUyMiUzRSUzQyUyRmlmcmFtZSUzRQ==[\/vc_raw_html][\/vc_column][\/vc_row][vc_row el_class=&#8221;reversa&#8221; css=&#8221;.vc_custom_1679603959748{margin-bottom: 0px !important;padding-bottom: 0px !important;}&#8221;][vc_column width=&#8221;1\/2&#8243;][vc_empty_space height=&#8221;132px&#8221; el_class=&#8221;espacios&#8221;][vc_custom_heading text=&#8221;5 &amp; Copas&#8221; font_container=&#8221;tag:h2|text_align:center|color:%23ffffff&#8221; google_fonts=&#8221;font_family:Lato%3A100%2C100italic%2C300%2C300italic%2Cregular%2Citalic%2C700%2C700italic%2C900%2C900italic|font_style:900%20bold%20regular%3A900%3Anormal&#8221;][vc_column_text]En nuestra casa entendemos la importancia de la tradici\u00f3n, como la necesidad de la innovaci\u00f3n y por esa raz\u00f3n si lo que estas buscando es un gin-tonic tradicional o dejarte deleitar por nuestros mix\u00f3logos no la vamos a liar.[\/vc_column_text][vc_empty_space][\/vc_column][vc_column width=&#8221;1\/2&#8243; css=&#8221;.vc_custom_1679604043511{margin-top: 0px !important;margin-bottom: 0px !important;padding-top: 0px !important;padding-bottom: 0px !important;}&#8221;][vc_single_image image=&#8221;242&#8243; img_size=&#8221;large&#8221; css=&#8221;.vc_custom_1679604053979{margin-top: 0px !important;margin-bottom: 0px !important;padding-top: 0px !important;padding-bottom: 0px !important;}&#8221;][\/vc_column][\/vc_row][vc_row][vc_column width=&#8221;1\/4&#8243;][\/vc_column][vc_column width=&#8221;1\/2&#8243;][vc_btn title=&#8221;MEN\u00da&#8221; style=&#8221;outline&#8221; color=&#8221;white&#8221; size=&#8221;lg&#8221; align=&#8221;center&#8221; button_block=&#8221;true&#8221; link=&#8221;url:https%3A%2F%2Fqr.precompro.com%2F%3Fsource%3Dcincoyquince.precompro.com|target:_blank&#8221; el_id=&#8221;botones&#8221;][\/vc_column][vc_column width=&#8221;1\/4&#8243;][\/vc_column][\/vc_row][vc_row][vc_column][vc_separator color=&#8221;custom&#8221; accent_color=&#8221;#000000&#8243;][\/vc_column][\/vc_row][vc_row][vc_column width=&#8221;1\/2&#8243;][vc_column_text]<\/p>\n<h3 style=\"text-align: center;\"><span style=\"color: #ffffff; font-family: 'Open Sans', sans-serif !important;\"><strong>+57 311- 202 0286<\/strong><\/span><\/h3>\n<p>[\/vc_column_text][\/vc_column][vc_column width=&#8221;1\/2&#8243;][vc_column_text]<\/p>\n<h3 style=\"text-align: center;\"><span style=\"color: #ffffff; font-family: 'Open Sans', sans-serif !important;\"><strong>restaurantecincoyquince.com<\/strong><\/span><\/h3>\n<p>[\/vc_column_text][\/vc_column][\/vc_row][vc_row][vc_column][vc_column_text css=&#8221;.vc_custom_1678919071237{background-color: #ffffff !important;}&#8221;]<\/p>\n<h3 style=\"text-align: center;\"><span style=\"color: #ffffff; font-family: 'Open Sans', sans-serif !important;\"><strong>Cl. 93a #12 &#8211; 35, Bogot\u00e1, Colombia.<\/strong><\/span><\/h3>\n<p>[\/vc_column_text][\/vc_column][\/vc_row][vc_row][vc_column width=&#8221;1\/3&#8243;][\/vc_column][vc_column width=&#8221;1\/3&#8243;][vc_raw_html]JTNDZGl2JTIwc3R5bGUlM0QlMjJ0ZXh0LWFsaWduJTNBJTIwY2VudGVyJTNCJTIwbWFyZ2luJTNBJTIwYXV0byUzQiUyMiUzRSUwQSUzQ3NwYW4lMjBzdHlsZSUzRCUyMmZvbnQtc2l6ZSUzQTEwcHglM0IlMjBmb250LWZhbWlseSUzQSUyMGFyaWFsJTNCJTIyJTNFQlVJTFQlMjBCWSUyMCUzQyUyRnNwYW4lM0UlMjAlQzIlQTAlQzIlQTAlN0MlQzIlQTAlQzIlQTAlMjAlM0MlMkZzcGFuJTNFJTIwJTNDaW1nJTIwc3JjJTNEJTIyaHR0cHMlM0ElMkYlMkZyZXN0YXVyYW50ZWNpbmNveXF1aW5jZS5jb20lMkZ3cC1jb250ZW50JTJGdXBsb2FkcyUyRnNpdGVzJTJGMTklMkYyMDIyJTJGMDQlMkZNYXJjYVBSRUNPTVBST19HcmlzLTMwMHg0OS0xLndlYnAlMjIlMjBzdHlsZSUzRCUyMndpZHRoJTNBJTIwMTAwcHglM0JtYXJnaW4lM0ElMjAtN3B4JTIwMHB4JTNCJTIyJTNFJTNDJTJGZGl2JTNF[\/vc_raw_html][\/vc_column][vc_column width=&#8221;1\/3&#8243;][\/vc_column][\/vc_row]<\/p>\n","protected":false},"excerpt":{"rendered":"<p>[vc_row css=&#8221;.vc_custom_1649783168340{margin-top: 20px !important;margin-bottom: 20px !important;}&#8221;][vc_column width=&#8221;1\/6&#8243;][\/vc_column][vc_column width=&#8221;2\/3&#8243;][vc_column_text] NUESTRA HISTORIA [\/vc_column_text][vc_column_text] Hola, Bogot\u00e1 \u2013 esta es nuestra carta de amor a Espa\u00f1a 5&amp;quince es la realizaci\u00f3n<span class=\"excerpt-hellip\"> [\u2026]<\/span><\/p>\n","protected":false},"author":1,"featured_media":0,"parent":0,"menu_order":0,"comment_status":"closed","ping_status":"closed","template":"","meta":{"footnotes":""},"class_list":["post-12","page","type-page","status-publish","hentry"],"_links":{"self":[{"href":"https:\/\/restaurantecincoyquince.com\/index.php?rest_route=\/wp\/v2\/pages\/12","targetHints":{"allow":["GET"]}}],"collection":[{"href":"https:\/\/restaurantecincoyquince.com\/index.php?rest_route=\/wp\/v2\/pages"}],"about":[{"href":"https:\/\/restaurantecincoyquince.com\/index.php?rest_route=\/wp\/v2\/types\/page"}],"author":[{"embeddable":true,"href":"https:\/\/restaurantecincoyquince.com\/index.php?rest_route=\/wp\/v2\/users\/1"}],"replies":[{"embeddable":true,"href":"https:\/\/restaurantecincoyquince.com\/index.php?rest_route=%2Fwp%2Fv2%2Fcomments&post=12"}],"version-history":[{"count":147,"href":"https:\/\/restaurantecincoyquince.com\/index.php?rest_route=\/wp\/v2\/pages\/12\/revisions"}],"predecessor-version":[{"id":295,"href":"https:\/\/restaurantecincoyquince.com\/index.php?rest_route=\/wp\/v2\/pages\/12\/revisions\/295"}],"wp:attachment":[{"href":"https:\/\/restaurantecincoyquince.com\/index.php?rest_route=%2Fwp%2Fv2%2Fmedia&parent=12"}],"curies":[{"name":"wp","href":"https:\/\/api.w.org\/{rel}","templated":true}]}}